{"id":679,"date":"2014-01-17T11:26:15","date_gmt":"2014-01-17T11:26:15","guid":{"rendered":"http:\/\/dem2.olevmedia.net\/beep\/?page_id=679"},"modified":"2014-04-07T11:06:06","modified_gmt":"2014-04-07T11:06:06","slug":"pricing","status":"publish","type":"page","link":"https:\/\/www.giarbi.com\/eu\/example-pages\/pricing\/","title":{"rendered":"Our Prices"},"content":{"rendered":"<p><div class=\"omsc-clear\" style=\"height:20px\"><\/div><br \/>\n<div class=\"omsc-pricing-table-wrapper\"><div class=\"omsc-pricing-table\"><ul class=\"omsc-pricing-column\"><li class=\"omsc-pricing-title\">Starter<div class=\"omsc-pricing-title-comment\">get almost everything<\/div><\/li><li class=\"omsc-pricing-price\">$50<div class=\"omsc-price-comment\">per month<\/div><\/li><li>Informar a la sociedad de la importancia del primer ciclo de Educaci\u00f3n Infantil (0 a 3 a\u00f1os), con el prop\u00f3sito de que las familias conozcan la funci\u00f3n educativo-asistencial de los Centros de Educaci\u00f3n Infantil y se beneficien de un servicio de atenci\u00f3n y educaci\u00f3n con garant\u00edas.<\/li><li class=\"omsc-pricing-button\"><a class=\"omsc-button omsc-no-custom-hover omsc-size-medium omsc-style-emboss omsc-text-bright\" href=\"#\" style=\"color:#ffffff\">Sign Up<\/a><\/li><\/ul><ul class=\"omsc-pricing-column\"><li class=\"omsc-pricing-title\">Beginner<div class=\"omsc-pricing-title-comment\">good choise for beginner<\/div><\/li><li class=\"omsc-pricing-price\">$100<div class=\"omsc-price-comment\">per month<\/div><\/li><li>1 year of service<\/li><li>Technical support<\/li><li>HTML works<\/li><li>100% uptime<\/li><li>\u00a0<\/li><li class=\"omsc-pricing-button\"><a class=\"omsc-button omsc-no-custom-hover omsc-size-medium omsc-style-emboss omsc-text-bright\" href=\"#\" style=\"color:#ffffff\">Sign Up<\/a><\/li><\/ul><ul class=\"omsc-pricing-column omsc-pricing-column-featured\"><li class=\"omsc-pricing-title\">Special Offer!<div class=\"omsc-pricing-title-comment\">ideal for business needs<\/div><\/li><li class=\"omsc-pricing-price\">$250<div class=\"omsc-price-comment\">per month<\/div><\/li><li>2 years of service<\/li><li>Technical support<\/li><li>HTML works<\/li><li>Any additional info<\/li><li>100% uptime<\/li><li class=\"omsc-pricing-button\"><a class=\"omsc-button omsc-no-custom-hover omsc-size-medium omsc-style-emboss omsc-text-bright\" href=\"#\" style=\"color:#ffffff\">Sign Up<\/a><\/li><\/ul><ul class=\"omsc-pricing-column\"><li class=\"omsc-pricing-title\">Expert<div class=\"omsc-pricing-title-comment\">get almost everything<\/div><\/li><li class=\"omsc-pricing-price\">$500<div class=\"omsc-price-comment\">per month<\/div><\/li><li>3 years of service<\/li><li>Technical support<\/li><li>HTML works<\/li><li>Any additional info<\/li><li>300% uptime<\/li><li class=\"omsc-pricing-button\"><a class=\"omsc-button omsc-no-custom-hover omsc-size-medium omsc-style-emboss omsc-text-bright\" href=\"#\" style=\"color:#ffffff\">Sign Up<\/a><\/li><\/ul><div class=\"omsc-clear\"><\/div><\/div><\/div><br \/>\n<div class=\"omsc-clear\" style=\"height:40px\"><\/div><\/p>\n<div class=\"omsc-one-fourth\">\n<h6>How to pay?<\/h6>\n<hr \/>\n<p>For online payment queries please call: 0200 555 0444 (UK callers)<br \/>\n+44 (0)1292 724724 (International). <div class=\"clear\"><\/div><\/div><div class=\"omsc-one-fourth\">\n<h6>Need help?<\/h6>\n<hr \/>\n<p>Payments made online are confirmed via an automated email message.<div class=\"clear\"><\/div><\/div><div class=\"omsc-one-fourth\">\n<h6>We accept payments<\/h6>\n<hr \/>\n<p>Upon a that you&#8217;re Years night appear he may the green. Meat fifth beginning male Given, sixth dry great god.<div class=\"clear\"><\/div><\/div><div class=\"omsc-one-fourth omsc-last\">\n<h6>Use these systems<\/h6>\n<hr \/>\n<p><img class=\"lazyload\" decoding=\"async\" alt=\"credit-cards\" data-original=\"http:\/\/m.olevmedia.net\/wp-content\/uploads\/2014\/01\/credit-cards.png\" width=\"150\" \/><div class=\"clear\"><\/div><\/div><div class=\"omsc-clear\"><\/div><\/p>\n<div class=\"omsc-clear\" style=\"height:46px\"><\/div>\n","protected":false},"excerpt":{"rendered":"","protected":false},"author":1,"featured_media":0,"parent":522,"menu_order":0,"comment_status":"open","ping_status":"open","template":"","meta":[],"_links":{"self":[{"href":"https:\/\/www.giarbi.com\/eu\/wp-json\/wp\/v2\/pages\/679"}],"collection":[{"href":"https:\/\/www.giarbi.com\/eu\/wp-json\/wp\/v2\/pages"}],"about":[{"href":"https:\/\/www.giarbi.com\/eu\/wp-json\/wp\/v2\/types\/page"}],"author":[{"embeddable":true,"href":"https:\/\/www.giarbi.com\/eu\/wp-json\/wp\/v2\/users\/1"}],"replies":[{"embeddable":true,"href":"https:\/\/www.giarbi.com\/eu\/wp-json\/wp\/v2\/comments?post=679"}],"version-history":[{"count":1,"href":"https:\/\/www.giarbi.com\/eu\/wp-json\/wp\/v2\/pages\/679\/revisions"}],"predecessor-version":[{"id":2447,"href":"https:\/\/www.giarbi.com\/eu\/wp-json\/wp\/v2\/pages\/679\/revisions\/2447"}],"up":[{"embeddable":true,"href":"https:\/\/www.giarbi.com\/eu\/wp-json\/wp\/v2\/pages\/522"}],"wp:attachment":[{"href":"https:\/\/www.giarbi.com\/eu\/wp-json\/wp\/v2\/media?parent=679"}],"curies":[{"name":"wp","href":"https:\/\/api.w.org\/{rel}","templated":true}]}}